{"id":3582,"date":"2022-01-24T15:18:34","date_gmt":"2022-01-24T14:18:34","guid":{"rendered":"https:\/\/www.pim.mi.it\/fabpim\/?page_id=3582"},"modified":"2026-03-12T16:45:12","modified_gmt":"2026-03-12T15:45:12","slug":"focus-pnrr","status":"publish","type":"page","link":"https:\/\/www.pim.mi.it\/fabpim\/focus-pnrr\/","title":{"rendered":"Focus PNRR"},"content":{"rendered":"\n<h2 class=\"has-text-align-center has-text-color wp-block-heading\" id=\"fabpim-in-vostro-aiuto\" style=\"color:#0056bf\"><strong>FABPIM IN VOSTRO AIUTO<\/strong><\/h2>\n\n\n\n<h3 class=\"has-text-align-center has-text-color wp-block-heading\" id=\"scopriamo-insieme-i-bandi-pnrr\" style=\"color:#0056bf\">Scopriamo insieme i Bandi PNRR<\/h3>\n\n\n\n<p>Il PNRR rappresenta una grande opportunit\u00e0 di sviluppo e investimenti e gli Enti locali saranno chiamati a gestire una quota importante del complesso delle risorse messe a disposizione.<br>Il <strong>Servizio FABPIM offre<\/strong>, oltre ad un quadro aggiornato sulle opportunit\u00e0 che il PNRR metter\u00e0 a disposizione degli Enti locali la possibilit\u00e0 di <strong>un affiancamento nell\u2019identificazione dei bandi<\/strong> che rispondono ai bisogni dei territori e <strong>nel percorso necessario per la presentazione della documentazione<\/strong> richiesta come accesso alle linee di finanziamento.<\/p>\n\n\n\n<p class=\"has-text-align-center\">Nel dettaglio, il servizio <strong>FABPIM offre ai Comuni la possibilit\u00e0 di una consulenza personalizzata<\/strong> finalizzata a garantire:<\/p>\n\n\n\n<p class=\"has-text-align-center has-text-color\" style=\"color:#0056bf;font-size:30px\"><i class=\"fas fa-route\"><\/i><\/p>\n\n\n\n<p class=\"has-text-align-center has-text-color\" style=\"color:#0056bf\"><strong>Supporto all\u2019individuazione dei percorsi progettuali<\/strong> maggiormente attrattivi\n<br>e con pi\u00f9 elevata possibilit\u00e0 di successo in coerenza con le linee di finanziamento previste dai diversi bandi <\/p>\n\n\n\n<p class=\"has-text-align-center has-text-color\" style=\"color:#0056bf;font-size:30px\"><i class=\"fas fa-search-location\"><\/i><\/p>\n\n\n\n<p class=\"has-text-align-center has-text-color\" style=\"color:#0056bf\"><strong>Analisi delle esigenze<\/strong> <span style=\"font-size: revert;\">e individuazione delle eventuali criticit\u00e0<\/span><\/p>\n\n\n\n<p class=\"has-text-align-center has-text-color\" style=\"color:#0056bf;font-size:30px\"><i class=\"fas fa-file-alt\"><\/i><\/p>\n\n\n\n<p class=\"has-text-align-center has-text-color\" style=\"color:#0056bf\"><span style=\"font-size: revert;\"><strong>Accompagnamento<\/strong> nel percorso di <strong>presentazione della domanda <\/strong>e<strong> di rendicontazione<\/strong><\/span><\/p>\n\n\n\n<div style=\"height:30px\" aria-hidden=\"true\" class=\"wp-block-spacer\"><\/div>\n\n\n\n<h4 class=\"has-text-align-center has-large-font-size wp-block-heading\" id=\"icon-name-envelope-prefix-fas\"><a href=\"mailto:fabpim@pim.mi.it\" target=\"_blank\" rel=\"noreferrer noopener\"><i class=\"fas fa-envelope\"><\/i><\/a><\/h4>\n\n\n\n<h4 class=\"has-text-align-center wp-block-heading\" id=\"puoi-richiedere-una-consulenza-personalizzata-sui-bandi-del-pnrr-contattando-i-nostri-consulenti-cliccando-sul-seguente-pulsante\">Puoi richiedere una <strong>consulenza personalizzata<\/strong> sui Bandi del PNRR<br>\ncontattando i nostri consulenti cliccando sul seguente pulsante <\/h4>\n\n\n\n<div class=\"wp-block-buttons is-content-justification-center is-layout-flex wp-container-core-buttons-is-layout-16018d1d wp-block-buttons-is-layout-flex\">\n<div class=\"wp-block-button has-custom-width wp-block-button__width-50 has-custom-font-size is-style-fill\" style=\"font-size:16px\"><a class=\"wp-block-button__link has-black-color has-text-color has-background\" href=\"mailto:fabpim@pim.mi.it\" style=\"border-radius:10px;background-color:#a6b3c3\" target=\"_blank\" rel=\"mailto:fabpim@pim.mi.it noopener\"><strong>Contatta i nostri consulenti<\/strong><\/a><\/div>\n<\/div>\n\n\n\n<hr class=\"wp-block-separator has-text-color has-background is-style-default\" style=\"background-color:#0056bf;color:#0056bf\"\/>\n\n\n\n<h3 class=\"has-text-align-center has-text-color wp-block-heading\" id=\"il-pnrr-in-sintesi\" style=\"color:#0056bf\">IL <strong>PNRR<\/strong> IN SINTESI<\/h3>\n\n\n\n<p>Il&nbsp;<a href=\"https:\/\/www.mef.gov.it\/focus\/Il-Piano-Nazionale-di-Ripresa-e-Resilienza-PNRR\/\" target=\"_blank\" rel=\"noreferrer noopener\"><strong>Piano Nazionale di Ripresa e Resilienza (PNRR)<\/strong>&nbsp;<\/a>si inserisce all\u2019interno del programma&nbsp;<strong>Next Generation EU (NGEU)<\/strong>, il pacchetto da 750 miliardi di euro, costituito per circa la met\u00e0 da sovvenzioni, concordato dall\u2019Unione Europea in risposta alla crisi pandemica. La principale componente del programma NGEU \u00e8 il Dispositivo per la Ripresa e Resilienza (<em>Recovery and Resilience Facility<\/em>, RRF), che ha una durata di sei anni, dal 2021 al 2026, e una dimensione totale di 672,5 miliardi di euro (312,5 sovvenzioni, i restanti 360 miliardi prestiti a tassi agevolati).<\/p>\n\n\n\n<p><a href=\"https:\/\/italiadomani.gov.it\/it\/home.html\" target=\"_blank\" rel=\"noreferrer noopener\">Italia Domani<\/a>, il Piano di Ripresa e Resilienza presentato dall\u2019Italia, prevede investimenti e un coerente pacchetto di riforme, a cui sono allocate risorse per&nbsp;<strong>191,5 miliardi di euro<\/strong>&nbsp;finanziate attraverso il Dispositivo per la Ripresa e la Resilienza e per&nbsp;<strong>30,6 miliardi<\/strong>&nbsp;attraverso il Fondo complementare istituito con il&nbsp;<a href=\"http:\/\/www.gazzettaufficiale.it\/eli\/id\/2021\/05\/07\/21G00070\/sg\" target=\"_blank\" rel=\"noreferrer noopener\">Decreto Legge n.59 del 6 maggio 2021<\/a>&nbsp;a valere sullo scostamento pluriennale di bilancio approvato nel&nbsp;<a href=\"https:\/\/www.governo.it\/it\/articolo\/comunicato-stampa-del-consiglio-dei-ministri-n-13\/16642\" target=\"_blank\" rel=\"noreferrer noopener\">Consiglio dei ministri del 15 aprile<\/a>. Il totale dei fondi previsti ammonta a di&nbsp;<strong>222,1 miliardi<\/strong>. Sono stati stanziati, inoltre, entro il 2032, ulteriori 26 miliardi da destinare alla realizzazione di opere specifiche e per il reintegro delle risorse del Fondo Sviluppo e Coesione.&nbsp;<strong>Nel complesso si potr\u00e0 quindi disporre di circa 248 miliardi di euro<\/strong>. A tali risorse, si aggiungono quelle rese disponibili dal programma REACT-EU che, come previsto dalla normativa UE, vengono spese negli anni 2021-2023. Si tratta di fondi per ulteriori 13 miliardi.<\/p>\n\n\n\n<p>Il Piano si sviluppa intorno a tre assi strategici condivisi a livello europeo:&nbsp;<strong>digitalizzazione e innovazione, transizione ecologica, inclusione sociale<\/strong>. Si tratta di un intervento che intende riparare i danni economici e sociali della crisi pandemica, contribuire a risolvere le debolezze strutturali dell\u2019economia italiana, e accompagnare il Paese su un percorso di transizione ecologica e ambientale. Il PNRR contribuir\u00e0 in modo sostanziale a&nbsp;<strong>ridurre i divari territoriali, quelli generazionali e di genere<\/strong>.<\/p>\n\n\n\n<p>Il Piano destina&nbsp;<strong>82 miliardi al Mezzogiorno<\/strong>&nbsp;su 206 miliardi ripartibili secondo il criterio del territorio (per&nbsp;<strong>una quota dunque del 40 per cento<\/strong>) e prevede inoltre un&nbsp;<strong>investimento significativo sui giovani e le donne<\/strong>.<\/p>\n\n\n\n<p class=\"has-text-align-center\">Il PNRR si sviluppa lungo&nbsp;<strong>6 missioni<\/strong>.<\/p>\n\n\n\n<ul class=\"wp-block-list\"><li><strong>M1 \/ Digitalizzazione, Innovazione, Competitivit\u00e0, Cultura<\/strong>: stanzia complessivamente oltre&nbsp;<strong>49 miliardi<\/strong>&nbsp;(di cui 40,3 miliardi dal Dispositivo per la Ripresa e la Resilienza e 8,7 dal Fondo complementare) con l\u2019obiettivo di promuovere la trasformazione digitale del Paese, sostenere l\u2019innovazione del sistema produttivo, e investire in due settori chiave per l\u2019Italia, turismo e cultura.<\/li><li><strong>M2 \/ Rivoluzione Verde e Transizione Ecologica<\/strong>: stanzia complessivi&nbsp;<strong>68,6 miliardi<\/strong>&nbsp;(59,5 miliardi dal Dispositivo RRF e 9,1 dal Fondo) con gli obiettivi principali di migliorare la sostenibilit\u00e0 e la resilienza del sistema economico e assicurare una transizione ambientale equa e inclusiva.<\/li><li><strong>M3 \/ Infrastrutture per una Mobilit\u00e0 Sostenibile<\/strong>: dall\u2019importo complessivo di&nbsp;<strong>31,5 miliardi<\/strong>&nbsp;(25,4 miliardi dal Dispositivo RRF e 6,1 dal Fondo). Il suo obiettivo primario \u00e8 lo sviluppo di un\u2019infrastruttura di trasporto moderna, sostenibile ed estesa a tutte le aree del Paese.<\/li><li><strong>M4 \/ Istruzione e Ricerca<\/strong>: stanzia complessivamente&nbsp;<strong>31,9 miliardi di euro<\/strong>&nbsp;(30,9 miliardi dal Dispositivo RRF e 1 dal Fondo) con l\u2019obiettivo di rafforzare il sistema educativo, le competenze digitali e tecnico-scientifiche, la ricerca e il trasferimento tecnologico.<\/li><li><strong>M5 \/ Inclusione e Coesione<\/strong>: prevede uno stanziamento complessivo di&nbsp;<strong>22,6 miliardi<\/strong>&nbsp;(di cui 19,8 miliardi dal Dispositivo RRF e 2,8 dal Fondo) per facilitare la partecipazione al mercato del lavoro, anche attraverso la formazione, rafforzare le politiche attive del lavoro e favorire l\u2019inclusione sociale.<\/li><li><strong>M6 \/ Salute<\/strong>: stanzia complessivamente&nbsp;<strong>18,5 miliardi<\/strong>&nbsp;(15,6 miliardi dal Dispositivo RRF e 2,9 dal Fondo) con l\u2019obiettivo di rafforzare la prevenzione e i servizi sanitari sul territorio, modernizzare e digitalizzare il sistema sanitario e garantire equit\u00e0 di accesso alle cure.<\/li><\/ul>\n\n\n\n<div style=\"position: relative; width: 100%; height: 0; padding-top: 56.2500%;\n padding-bottom: 48px; box-shadow: 0 2px 8px 0 rgba(63,69,81,0.16); margin-top: 1.6em; margin-bottom: 0.9em; overflow: hidden;\n border-radius: 8px; will-change: transform;\">\n  <iframe loading=\"lazy\" style=\"position: absolute; width: 100%; height: 100%; top: 0; left: 0; border: none; padding: 0;margin: 0;\" src=\"https:\/\/www.canva.com\/design\/DAE2j91gJHI\/view?embed\" allowfullscreen=\"allowfullscreen\" allow=\"fullscreen\">\n  <\/iframe>\n<\/div>\n\n\n\n<p><\/p>\n\n\n\n<hr class=\"wp-block-separator has-text-color has-background is-style-default\" style=\"background-color:#0056bf;color:#0056bf\"\/>\n\n\n\n<div style=\"height:30px\" aria-hidden=\"true\" class=\"wp-block-spacer\"><\/div>\n\n\n\n<h4 class=\"has-text-align-center has-text-color wp-block-heading\" id=\"ultimi-bandi-relativi-al-pnrr\" style=\"color:#0056bf\"> ULTIMI BANDI RELATIVI AL <strong>PNRR <\/strong><\/h4>\n\n\n\n<div style=\"height:30px\" aria-hidden=\"true\" class=\"wp-block-spacer\"><\/div>\n\n\n\n<div class=\"wp-block-group\"><div class=\"wp-block-group__inner-container is-layout-flow wp-block-group-is-layout-flow\">\n<div class=\"wp-block-columns is-layout-flex wp-container-core-columns-is-layout-9d6595d7 wp-block-columns-is-layout-flex\">\n<div class=\"wp-block-column is-layout-flow wp-block-column-is-layout-flow\"><ul class=\"wp-block-latest-posts__list is-grid columns-3 color: #0056bf  wp-block-latest-posts\"><li><div class=\"wp-block-latest-posts__featured-image aligncenter\"><a href=\"https:\/\/www.pim.mi.it\/fabpim\/riapertura-piano-antincendio-e-interventi-urgenti\/\" aria-label=\"RIAPERTURA &#8211; Contributi per l\u2019adeguamento alle norme di prevenzione e protezione antincendio e per la realizzazione di interventi urgenti di messa in sicurezza di edifici scolastici\"><img loading=\"lazy\" decoding=\"async\" width=\"790\" height=\"400\" src=\"https:\/\/www.pim.mi.it\/fabpim\/wp-content\/uploads\/2021\/12\/pnrr-scuola-head.jpg\" class=\"attachment-large size-large wp-post-image\" alt=\"\" style=\"\" srcset=\"https:\/\/www.pim.mi.it\/fabpim\/wp-content\/uploads\/2021\/12\/pnrr-scuola-head.jpg 790w, https:\/\/www.pim.mi.it\/fabpim\/wp-content\/uploads\/2021\/12\/pnrr-scuola-head-300x152.jpg 300w, https:\/\/www.pim.mi.it\/fabpim\/wp-content\/uploads\/2021\/12\/pnrr-scuola-head-768x389.jpg 768w\" sizes=\"auto, (max-width: 790px) 100vw, 790px\" \/><\/a><\/div><a class=\"wp-block-latest-posts__post-title\" href=\"https:\/\/www.pim.mi.it\/fabpim\/riapertura-piano-antincendio-e-interventi-urgenti\/\">RIAPERTURA &#8211; Contributi per l\u2019adeguamento alle norme di prevenzione e protezione antincendio e per la realizzazione di interventi urgenti di messa in sicurezza di edifici scolastici<\/a><\/li>\n<li><div class=\"wp-block-latest-posts__featured-image aligncenter\"><a href=\"https:\/\/www.pim.mi.it\/fabpim\/pnrr-piano-antincendio-e-interventi-urgenti\/\" aria-label=\"PNRR: Piano antincendio e interventi urgenti\"><img loading=\"lazy\" decoding=\"async\" width=\"790\" height=\"400\" src=\"https:\/\/www.pim.mi.it\/fabpim\/wp-content\/uploads\/2021\/12\/pnrr-scuola-head.jpg\" class=\"attachment-large size-large wp-post-image\" alt=\"\" style=\"\" srcset=\"https:\/\/www.pim.mi.it\/fabpim\/wp-content\/uploads\/2021\/12\/pnrr-scuola-head.jpg 790w, https:\/\/www.pim.mi.it\/fabpim\/wp-content\/uploads\/2021\/12\/pnrr-scuola-head-300x152.jpg 300w, https:\/\/www.pim.mi.it\/fabpim\/wp-content\/uploads\/2021\/12\/pnrr-scuola-head-768x389.jpg 768w\" sizes=\"auto, (max-width: 790px) 100vw, 790px\" \/><\/a><\/div><a class=\"wp-block-latest-posts__post-title\" href=\"https:\/\/www.pim.mi.it\/fabpim\/pnrr-piano-antincendio-e-interventi-urgenti\/\">PNRR: Piano antincendio e interventi urgenti<\/a><\/li>\n<li><div class=\"wp-block-latest-posts__featured-image aligncenter\"><a href=\"https:\/\/www.pim.mi.it\/fabpim\/pnrr-digitalizzazione-delle-procedure-suap-sue-adeguamento-delle-piattaforme-sue\/\" aria-label=\"PNRR: Digitalizzazione delle procedure (SUAP &amp; SUE) \u2013 Adeguamento delle piattaforme SUE\"><img loading=\"lazy\" decoding=\"async\" width=\"790\" height=\"400\" src=\"https:\/\/www.pim.mi.it\/fabpim\/wp-content\/uploads\/2022\/09\/FABPIM-5.png\" class=\"attachment-large size-large wp-post-image\" alt=\"\" style=\"\" srcset=\"https:\/\/www.pim.mi.it\/fabpim\/wp-content\/uploads\/2022\/09\/FABPIM-5.png 790w, https:\/\/www.pim.mi.it\/fabpim\/wp-content\/uploads\/2022\/09\/FABPIM-5-300x152.png 300w, https:\/\/www.pim.mi.it\/fabpim\/wp-content\/uploads\/2022\/09\/FABPIM-5-768x389.png 768w\" sizes=\"auto, (max-width: 790px) 100vw, 790px\" \/><\/a><\/div><a class=\"wp-block-latest-posts__post-title\" href=\"https:\/\/www.pim.mi.it\/fabpim\/pnrr-digitalizzazione-delle-procedure-suap-sue-adeguamento-delle-piattaforme-sue\/\">PNRR: Digitalizzazione delle procedure (SUAP &amp; SUE) \u2013 Adeguamento delle piattaforme SUE<\/a><\/li>\n<li><div class=\"wp-block-latest-posts__featured-image aligncenter\"><a href=\"https:\/\/www.pim.mi.it\/fabpim\/pnrr-sport-e-inclusione-sociale-2\/\" aria-label=\"PNRR: Sport e Inclusione sociale\"><img loading=\"lazy\" decoding=\"async\" width=\"790\" height=\"400\" src=\"https:\/\/www.pim.mi.it\/fabpim\/wp-content\/uploads\/2021\/12\/pnrr-palestre-head.jpg\" class=\"attachment-large size-large wp-post-image\" alt=\"\" style=\"\" srcset=\"https:\/\/www.pim.mi.it\/fabpim\/wp-content\/uploads\/2021\/12\/pnrr-palestre-head.jpg 790w, https:\/\/www.pim.mi.it\/fabpim\/wp-content\/uploads\/2021\/12\/pnrr-palestre-head-300x152.jpg 300w, https:\/\/www.pim.mi.it\/fabpim\/wp-content\/uploads\/2021\/12\/pnrr-palestre-head-768x389.jpg 768w\" sizes=\"auto, (max-width: 790px) 100vw, 790px\" \/><\/a><\/div><a class=\"wp-block-latest-posts__post-title\" href=\"https:\/\/www.pim.mi.it\/fabpim\/pnrr-sport-e-inclusione-sociale-2\/\">PNRR: Sport e Inclusione sociale<\/a><\/li>\n<li><div class=\"wp-block-latest-posts__featured-image aligncenter\"><a href=\"https:\/\/www.pim.mi.it\/fabpim\/pnrr-piattaforma-digitale-nazionale-dati-anncsu-comuni-maggio-2025\/\" aria-label=\"PNRR: Piattaforma Digitale Nazionale Dati ANNCSU &#8211; Comuni &#8211; maggio 2025\"><img loading=\"lazy\" decoding=\"async\" width=\"790\" height=\"400\" src=\"https:\/\/www.pim.mi.it\/fabpim\/wp-content\/uploads\/2022\/09\/FABPIM-5.png\" class=\"attachment-large size-large wp-post-image\" alt=\"\" style=\"\" srcset=\"https:\/\/www.pim.mi.it\/fabpim\/wp-content\/uploads\/2022\/09\/FABPIM-5.png 790w, https:\/\/www.pim.mi.it\/fabpim\/wp-content\/uploads\/2022\/09\/FABPIM-5-300x152.png 300w, https:\/\/www.pim.mi.it\/fabpim\/wp-content\/uploads\/2022\/09\/FABPIM-5-768x389.png 768w\" sizes=\"auto, (max-width: 790px) 100vw, 790px\" \/><\/a><\/div><a class=\"wp-block-latest-posts__post-title\" href=\"https:\/\/www.pim.mi.it\/fabpim\/pnrr-piattaforma-digitale-nazionale-dati-anncsu-comuni-maggio-2025\/\">PNRR: Piattaforma Digitale Nazionale Dati ANNCSU &#8211; Comuni &#8211; maggio 2025<\/a><\/li>\n<li><div class=\"wp-block-latest-posts__featured-image aligncenter\"><a href=\"https:\/\/www.pim.mi.it\/fabpim\/pnrr-riqualificazione-energetica-edifici-erp\/\" aria-label=\"PNRR: Riqualificazione energetica edifici ERP\"><img loading=\"lazy\" decoding=\"async\" width=\"790\" height=\"400\" src=\"https:\/\/www.pim.mi.it\/fabpim\/wp-content\/uploads\/2025\/02\/FABPIM_Immagini-2.png\" class=\"attachment-large size-large wp-post-image\" alt=\"\" style=\"\" srcset=\"https:\/\/www.pim.mi.it\/fabpim\/wp-content\/uploads\/2025\/02\/FABPIM_Immagini-2.png 790w, https:\/\/www.pim.mi.it\/fabpim\/wp-content\/uploads\/2025\/02\/FABPIM_Immagini-2-300x152.png 300w, https:\/\/www.pim.mi.it\/fabpim\/wp-content\/uploads\/2025\/02\/FABPIM_Immagini-2-768x389.png 768w\" sizes=\"auto, (max-width: 790px) 100vw, 790px\" \/><\/a><\/div><a class=\"wp-block-latest-posts__post-title\" href=\"https:\/\/www.pim.mi.it\/fabpim\/pnrr-riqualificazione-energetica-edifici-erp\/\">PNRR: Riqualificazione energetica edifici ERP<\/a><\/li>\n<li><div class=\"wp-block-latest-posts__featured-image aligncenter\"><a href=\"https:\/\/www.pim.mi.it\/fabpim\/pnrr-fondo-per-impianti-a-fonti-rinnovabili-allinterno-di-cer-e-sistemi-di-autoconsumo-collettivo\/\" aria-label=\"PNRR: Fondo per impianti a fonti rinnovabili all&#8217;interno di CER e sistemi di autoconsumo collettivo\"><img loading=\"lazy\" decoding=\"async\" width=\"790\" height=\"400\" src=\"https:\/\/www.pim.mi.it\/fabpim\/wp-content\/uploads\/2022\/07\/FABPIM-7.png\" class=\"attachment-large size-large wp-post-image\" alt=\"\" style=\"\" srcset=\"https:\/\/www.pim.mi.it\/fabpim\/wp-content\/uploads\/2022\/07\/FABPIM-7.png 790w, https:\/\/www.pim.mi.it\/fabpim\/wp-content\/uploads\/2022\/07\/FABPIM-7-300x152.png 300w, https:\/\/www.pim.mi.it\/fabpim\/wp-content\/uploads\/2022\/07\/FABPIM-7-768x389.png 768w\" sizes=\"auto, (max-width: 790px) 100vw, 790px\" \/><\/a><\/div><a class=\"wp-block-latest-posts__post-title\" href=\"https:\/\/www.pim.mi.it\/fabpim\/pnrr-fondo-per-impianti-a-fonti-rinnovabili-allinterno-di-cer-e-sistemi-di-autoconsumo-collettivo\/\">PNRR: Fondo per impianti a fonti rinnovabili all&#8217;interno di CER e sistemi di autoconsumo collettivo<\/a><\/li>\n<li><div class=\"wp-block-latest-posts__featured-image aligncenter\"><a href=\"https:\/\/www.pim.mi.it\/fabpim\/pnrr-nuovo-piano-di-interventi-per-asili-nido-riapertura-termini\/\" aria-label=\"PNRR: Nuovo piano di interventi per Asili Nido &#8211; Riapertura termini\"><img loading=\"lazy\" decoding=\"async\" width=\"790\" height=\"400\" src=\"https:\/\/www.pim.mi.it\/fabpim\/wp-content\/uploads\/2021\/12\/pnrr-nido-head.jpg\" class=\"attachment-large size-large wp-post-image\" alt=\"\" style=\"\" srcset=\"https:\/\/www.pim.mi.it\/fabpim\/wp-content\/uploads\/2021\/12\/pnrr-nido-head.jpg 790w, https:\/\/www.pim.mi.it\/fabpim\/wp-content\/uploads\/2021\/12\/pnrr-nido-head-300x152.jpg 300w, https:\/\/www.pim.mi.it\/fabpim\/wp-content\/uploads\/2021\/12\/pnrr-nido-head-768x389.jpg 768w\" sizes=\"auto, (max-width: 790px) 100vw, 790px\" \/><\/a><\/div><a class=\"wp-block-latest-posts__post-title\" href=\"https:\/\/www.pim.mi.it\/fabpim\/pnrr-nuovo-piano-di-interventi-per-asili-nido-riapertura-termini\/\">PNRR: Nuovo piano di interventi per Asili Nido &#8211; Riapertura termini<\/a><\/li>\n<li><div class=\"wp-block-latest-posts__featured-image aligncenter\"><a href=\"https:\/\/www.pim.mi.it\/fabpim\/pnrr-nuovo-piano-di-interventi-per-asili-nido\/\" aria-label=\"PNRR: Nuovo piano di interventi per Asili Nido\"><img loading=\"lazy\" decoding=\"async\" width=\"790\" height=\"400\" src=\"https:\/\/www.pim.mi.it\/fabpim\/wp-content\/uploads\/2021\/12\/pnrr-nido-head.jpg\" class=\"attachment-large size-large wp-post-image\" alt=\"\" style=\"\" srcset=\"https:\/\/www.pim.mi.it\/fabpim\/wp-content\/uploads\/2021\/12\/pnrr-nido-head.jpg 790w, https:\/\/www.pim.mi.it\/fabpim\/wp-content\/uploads\/2021\/12\/pnrr-nido-head-300x152.jpg 300w, https:\/\/www.pim.mi.it\/fabpim\/wp-content\/uploads\/2021\/12\/pnrr-nido-head-768x389.jpg 768w\" sizes=\"auto, (max-width: 790px) 100vw, 790px\" \/><\/a><\/div><a class=\"wp-block-latest-posts__post-title\" href=\"https:\/\/www.pim.mi.it\/fabpim\/pnrr-nuovo-piano-di-interventi-per-asili-nido\/\">PNRR: Nuovo piano di interventi per Asili Nido<\/a><\/li>\n<\/ul><\/div>\n<\/div>\n<\/div><\/div>\n\n\n\n<p><\/p>\n","protected":false},"excerpt":{"rendered":"<p>FABPIM IN VOSTRO AIUTO Scopriamo insieme i Bandi PNRR Il PNRR rappresenta una grande opportunit\u00e0 di sviluppo e investimenti e gli Enti locali saranno chiamati a gestire una quota importante del complesso delle risorse messe a disposizione.Il Servizio FABPIM offre, oltre ad un quadro aggiornato sulle opportunit\u00e0 che il PNRR&#8230;<\/p>\n","protected":false},"author":1,"featured_media":3779,"parent":0,"menu_order":0,"comment_status":"open","ping_status":"closed","template":"templates\/full-width-page.php","meta":{"_acf_changed":false,"footnotes":""},"class_list":["post-3582","page","type-page","status-publish","has-post-thumbnail","hentry"],"acf":[],"_links":{"self":[{"href":"https:\/\/www.pim.mi.it\/fabpim\/wp-json\/wp\/v2\/pages\/3582","targetHints":{"allow":["GET"]}}],"collection":[{"href":"https:\/\/www.pim.mi.it\/fabpim\/wp-json\/wp\/v2\/pages"}],"about":[{"href":"https:\/\/www.pim.mi.it\/fabpim\/wp-json\/wp\/v2\/types\/page"}],"author":[{"embeddable":true,"href":"https:\/\/www.pim.mi.it\/fabpim\/wp-json\/wp\/v2\/users\/1"}],"replies":[{"embeddable":true,"href":"https:\/\/www.pim.mi.it\/fabpim\/wp-json\/wp\/v2\/comments?post=3582"}],"version-history":[{"count":69,"href":"https:\/\/www.pim.mi.it\/fabpim\/wp-json\/wp\/v2\/pages\/3582\/revisions"}],"predecessor-version":[{"id":3775,"href":"https:\/\/www.pim.mi.it\/fabpim\/wp-json\/wp\/v2\/pages\/3582\/revisions\/3775"}],"wp:featuredmedia":[{"embeddable":true,"href":"https:\/\/www.pim.mi.it\/fabpim\/wp-json\/wp\/v2\/media\/3779"}],"wp:attachment":[{"href":"https:\/\/www.pim.mi.it\/fabpim\/wp-json\/wp\/v2\/media?parent=3582"}],"curies":[{"name":"wp","href":"https:\/\/api.w.org\/{rel}","templated":true}]}}